{"id":36,"date":"2024-10-11T04:29:34","date_gmt":"2024-10-11T04:29:34","guid":{"rendered":"https:\/\/liegendmatch.ch\/LM-WP\/?page_id=36"},"modified":"2025-06-13T07:05:49","modified_gmt":"2025-06-13T07:05:49","slug":"home","status":"publish","type":"page","link":"https:\/\/liegendmatch.ch\/?page_id=36","title":{"rendered":"Home"},"content":{"rendered":"\n<h1 class=\"wp-block-heading\">Herzlich willkommen auf der Seite des Zentralschweizer Liegendmatches<\/h1>\n\n\n\n<h2 class=\"wp-block-heading\">&nbsp;<\/h2>\n\n\n\n<p>Der Liegendmatch 2025 geh\u00f6rt bereits wieder der Vergangenheit an. Wir gratulieren allen Sch\u00fctzinnen und Sch\u00fctzen zu den erzielten <a href=\"https:\/\/liegendmatch.ch\/wp-content\/uploads\/2025\/06\/ZLM-Absendliste-2025.pdf\">Resultaten<\/a> und danken herzlich f\u00fcr die diesj\u00e4hrige Teilnahme.<\/p>\n\n\n\n<p>Besonders gratulieren wir den jeweiligen Kategoriensiegern zu den geschossenen Zehnern. Es sind dies:<\/p>\n\n\n\n<ul class=\"wp-block-list\">\n<li><strong>Fankhauser J\u00f6rg<\/strong>, <em>1965, SG Aarau<\/em><\/li>\n\n\n\n<li><strong>Chenaux Claude<\/strong>, <em>1976, SV Gansingen<\/em><\/li>\n\n\n\n<li><strong>M\u00f6lbert Markus<\/strong>, <em>1972, E SSV Cham-Ennetsee<\/em><\/li>\n\n\n\n<li><strong>Schl\u00e4fli Christoph<\/strong>, <em>1960, V Sportsch\u00fctzen Lotzwil-Langenthal<\/em><\/li>\n\n\n\n<li><strong>Schmidt Fabian<\/strong>, <em>2005, SV Niederbuchsiten<\/em><\/li>\n<\/ul>\n\n\n\n<p>Den Gruppen:<\/p>\n\n\n\n<ul class=\"wp-block-list\">\n<li><strong>H\u00f6riberg weiss, <\/strong><em>SV H\u00f6ri<\/em><\/li>\n\n\n\n<li><strong>Schib\u00e4chn\u00f6lli, <\/strong><em>Sch\u00fctzen Amden<\/em><\/li>\n\n\n\n<li><strong>Dyhrberg, <\/strong><em>Freisch\u00fctzen Balsthal-Klus<\/em><br><br><\/li>\n<\/ul>\n\n\n\n<p>Die Anmeldung f\u00fcr den Liegendmatch 2026 wird voraussichtlich im Februar online geschaltet. Wir w\u00fcrden uns \u00fcber deine Teilnahme freuen.<\/p>\n\n\n\n<p>Bis dahin w\u00fcnschen wir dir weiterhin guet Schuss und viele Zehne<\/p>\n\n\n\n<h2 class=\"wp-block-heading\"><\/h2>\n\n\n\n<p> Der <strong>Milit\u00e4rschiessverein Zug <\/strong>und die<strong> Sportsch\u00fctzen Zug<\/strong><\/p>\n\n\n\n<p><\/p>\n","protected":false},"excerpt":{"rendered":"<p>Herzlich willkommen auf der Seite des Zentralschweizer Liegendmatches &nbsp; Der Liegendmatch 2025 geh\u00f6rt bereits wieder der Vergangenheit an. Wir gratulieren allen Sch\u00fctzinnen und Sch\u00fctzen zu den erzielten Resultaten und danken herzlich f\u00fcr die diesj\u00e4hrige Teilnahme. Besonders gratulieren wir den jeweiligen &hellip; <a href=\"https:\/\/liegendmatch.ch\/?page_id=36\">Weiterlesen <span class=\"meta-nav\">&rarr;<\/span><\/a><\/p>\n","protected":false},"author":1,"featured_media":0,"parent":0,"menu_order":0,"comment_status":"closed","ping_status":"closed","template":"","meta":{"footnotes":""},"class_list":["post-36","page","type-page","status-publish","hentry"],"_links":{"self":[{"href":"https:\/\/liegendmatch.ch\/index.php?rest_route=\/wp\/v2\/pages\/36","targetHints":{"allow":["GET"]}}],"collection":[{"href":"https:\/\/liegendmatch.ch\/index.php?rest_route=\/wp\/v2\/pages"}],"about":[{"href":"https:\/\/liegendmatch.ch\/index.php?rest_route=\/wp\/v2\/types\/page"}],"author":[{"embeddable":true,"href":"https:\/\/liegendmatch.ch\/index.php?rest_route=\/wp\/v2\/users\/1"}],"replies":[{"embeddable":true,"href":"https:\/\/liegendmatch.ch\/index.php?rest_route=%2Fwp%2Fv2%2Fcomments&post=36"}],"version-history":[{"count":4,"href":"https:\/\/liegendmatch.ch\/index.php?rest_route=\/wp\/v2\/pages\/36\/revisions"}],"predecessor-version":[{"id":181,"href":"https:\/\/liegendmatch.ch\/index.php?rest_route=\/wp\/v2\/pages\/36\/revisions\/181"}],"wp:attachment":[{"href":"https:\/\/liegendmatch.ch\/index.php?rest_route=%2Fwp%2Fv2%2Fmedia&parent=36"}],"curies":[{"name":"wp","href":"https:\/\/api.w.org\/{rel}","templated":true}]}}