{"id":85,"date":"2024-10-11T08:19:45","date_gmt":"2024-10-11T08:19:45","guid":{"rendered":"https:\/\/liegendmatch.ch\/LM-WP\/?page_id=85"},"modified":"2024-10-11T09:56:56","modified_gmt":"2024-10-11T09:56:56","slug":"impressum","status":"publish","type":"page","link":"https:\/\/liegendmatch.ch\/?page_id=85","title":{"rendered":"Impressum"},"content":{"rendered":"\n<h2 class=\"wp-block-heading\">Haftungsausschluss<\/h2>\n\n\n\n<p>Die Webseite des Zentralschweizer Liegendmatch dient als Kommunikationsmittel und Publikation der Schiesspl\u00e4ne. Sie enth\u00e4lt die wichtigsten Kontaktadressen, Reglemente und Ausf\u00fchrungsbestimmungen. Zus\u00e4tzlich werden Ranglisten der Wettk\u00e4mpfe publiziert.<\/p>\n\n\n\n<p>Die Webseite wird regelm\u00e4ssig \u00fcberpr\u00fcft und aktualisiert. Das OK kann keine Garantie \u00fcbernehmen, dass die vermittelten Informationen fehlerfrei und vollst\u00e4ndig sind.<\/p>\n\n\n\n<p>Die Sportsch\u00fctzen Zug (SPS-Zug) und das OK des Zentralschweizer Liegendmatch k\u00f6nnen f\u00fcr Fehlleistungen des Internets wie zum Beispiel Virenbefall oder Datenverlust keinerlei Haftung \u00fcbernehmen. Die Haftung f\u00fcr Sch\u00e4den, die dem Kunden durch \u00dcbermittlungsfehler, technische M\u00e4ngel, St\u00f6rungen, \u00dcberlastung des Netzes, Unterbr\u00fcche oder andere Fehler entstehenden, ist ausgeschlossen. Die SPS-Zug schliessen jede Haftung f\u00fcr allf\u00e4llige direkte sowie indirekte Sch\u00e4den aus, welche durch den Gebrauch von Informationen und Material sowie Angeboten der Partner entstehen. Die SPS-Zug behalten sich bei der Feststellung von Sicherheitsrisiken jederzeit vor, das Angebot der Webseiten zu unterbrechen. F\u00fcr dabei allf\u00e4llig entstandenen Schaden \u00fcbernehmen die SPS-Zug keine Haftung.<\/p>\n\n\n\n<p>Die auf andere Webseiten f\u00fchrenden Links und deren Inhalte werden vom OK nicht \u00fcberpr\u00fcft. F\u00fcr den Inhalt, die Produkte, die Leistungen und andere Inhalte dieser Webseiten \u00fcbernehmen die SPS-Zug und das OK keine Verantwortung. Die Verbindung zu anderen Webseiten \u00fcber Links erfolgt auf alleinige Verantwortung der Benutzerin oder des Benutzers.<\/p>\n\n\n\n<p>S\u00e4mtliche Rechtsbeziehungen, die sich aus dem Zugriff auf die Webseiten des Zentralschweizer Liegendmatch ergeben, unterstehen dem schweizerischen Recht.<\/p>\n\n\n\n<h2 class=\"wp-block-heading\"><strong>Urheberrecht<\/strong><\/h2>\n\n\n\n<p>Der gesamte Inhalt der Webseitendes des Zentralschweizer Liegendmatch ist urheberrechtlich gesch\u00fctzt. Ohne schriftliches Einverst\u00e4ndnis der SPS-Zug ist die Verwendung von Inhalten f\u00fcr \u00f6ffentliche und\/oder kommerzielle Zwecke untersagt.<\/p>\n\n\n\n<h2 class=\"wp-block-heading\"><strong>Postadresse:<\/strong><\/h2>\n\n\n\n<p>Sportsch\u00fctzen Zug<\/p>\n\n\n\n<p>6300 Zug<\/p>\n\n\n\n<h2 class=\"wp-block-heading\"><strong>Pr\u00e4sident:<\/strong><\/h2>\n\n\n\n<p>Florian K\u00f6ppel<\/p>\n\n\n\n<p>Haldenstrasse 10<\/p>\n\n\n\n<p>5512 Wohlenschwil<\/p>\n\n\n\n<p><a href=\"mailto:webmaster@sportschuetzen-zug.ch\">webmaster \u00ab\u00e4t\u00bb sporschuetze-zug.ch<\/a><\/p>\n","protected":false},"excerpt":{"rendered":"<p>Haftungsausschluss Die Webseite des Zentralschweizer Liegendmatch dient als Kommunikationsmittel und Publikation der Schiesspl\u00e4ne. Sie enth\u00e4lt die wichtigsten Kontaktadressen, Reglemente und Ausf\u00fchrungsbestimmungen. Zus\u00e4tzlich werden Ranglisten der Wettk\u00e4mpfe publiziert. Die Webseite wird regelm\u00e4ssig \u00fcberpr\u00fcft und aktualisiert. Das OK kann keine Garantie \u00fcbernehmen, &hellip; <a href=\"https:\/\/liegendmatch.ch\/?page_id=85\">Weiterlesen <span class=\"meta-nav\">&rarr;<\/span><\/a><\/p>\n","protected":false},"author":1,"featured_media":0,"parent":0,"menu_order":0,"comment_status":"closed","ping_status":"closed","template":"","meta":{"footnotes":""},"class_list":["post-85","page","type-page","status-publish","hentry"],"_links":{"self":[{"href":"https:\/\/liegendmatch.ch\/index.php?rest_route=\/wp\/v2\/pages\/85","targetHints":{"allow":["GET"]}}],"collection":[{"href":"https:\/\/liegendmatch.ch\/index.php?rest_route=\/wp\/v2\/pages"}],"about":[{"href":"https:\/\/liegendmatch.ch\/index.php?rest_route=\/wp\/v2\/types\/page"}],"author":[{"embeddable":true,"href":"https:\/\/liegendmatch.ch\/index.php?rest_route=\/wp\/v2\/users\/1"}],"replies":[{"embeddable":true,"href":"https:\/\/liegendmatch.ch\/index.php?rest_route=%2Fwp%2Fv2%2Fcomments&post=85"}],"version-history":[{"count":1,"href":"https:\/\/liegendmatch.ch\/index.php?rest_route=\/wp\/v2\/pages\/85\/revisions"}],"predecessor-version":[{"id":86,"href":"https:\/\/liegendmatch.ch\/index.php?rest_route=\/wp\/v2\/pages\/85\/revisions\/86"}],"wp:attachment":[{"href":"https:\/\/liegendmatch.ch\/index.php?rest_route=%2Fwp%2Fv2%2Fmedia&parent=85"}],"curies":[{"name":"wp","href":"https:\/\/api.w.org\/{rel}","templated":true}]}}